{"id":3,"date":"2022-02-08T17:00:14","date_gmt":"2022-02-08T16:00:14","guid":{"rendered":"https:\/\/ekofiles.agdg.fr\/?page_id=3"},"modified":"2022-05-04T14:08:15","modified_gmt":"2022-05-04T12:08:15","slug":"mentions-legales","status":"publish","type":"page","link":"https:\/\/www.ekofiles.com\/fr\/mentions-legales\/","title":{"rendered":"Mentions l\u00e9gales"},"content":{"rendered":"\t\t<div data-elementor-type=\"wp-page\" data-elementor-id=\"3\" class=\"elementor elementor-3\">\n\t\t\t\t\t\t<div class=\"elementor-inner\">\n\t\t\t\t<div class=\"elementor-section-wrap\">\n\t\t\t\t\t\t\t\t\t<section class=\"elementor-section elementor-top-section elementor-element elementor-element-ea91d36 elementor-section-boxed elementor-section-height-default elementor-section-height-default\" data-id=\"ea91d36\" data-element_type=\"section\">\n\t\t\t\t\t\t<div class=\"elementor-container elementor-column-gap-default\">\n\t\t\t\t\t\t\t<div class=\"elementor-row\">\n\t\t\t\t\t<div class=\"elementor-column elementor-col-100 elementor-top-column elementor-element elementor-element-8095727\" data-id=\"8095727\" data-element_type=\"column\">\n\t\t\t<div class=\"elementor-column-wrap elementor-element-populated\">\n\t\t\t\t\t\t\t<div class=\"elementor-widget-wrap\">\n\t\t\t\t\t\t<div class=\"elementor-element elementor-element-e25af5f elementor-widget elementor-widget-heading\" data-id=\"e25af5f\" data-element_type=\"widget\" data-widget_type=\"heading.default\">\n\t\t\t\t<div class=\"elementor-widget-container\">\n\t\t\t<h1 class=\"elementor-heading-title elementor-size-default\">Mentions l\u00e9gales<\/h1>\t\t<\/div>\n\t\t\t\t<\/div>\n\t\t\t\t<div class=\"elementor-element elementor-element-205830d elementor-widget elementor-widget-text-editor\" data-id=\"205830d\" data-element_type=\"widget\" data-widget_type=\"text-editor.default\">\n\t\t\t\t<div class=\"elementor-widget-container\">\n\t\t\t\t\t\t\t\t<div class=\"elementor-text-editor elementor-clearfix\">\n\t\t\t\t<p>EKOFILES SAS est un \u00e9diteur de logiciel RH et administratif.<\/p><p>Si\u00e8ge social : 27, rue de Lisbonne 75008 Paris<br \/>Immatricul\u00e9e au Registre du Commerce et des Soci\u00e9t\u00e9s de Paris<br \/>SIREN : 895 253 003<\/p><p><strong>H\u00e9bergeur<\/strong><\/p><p>Microsoft Azure<br \/>Si\u00e8ge social : Microsoft Ireland Operations Ltd, One Microsoft Place, South County Business Park, Leopardstown, Dublin 18, D18 P521, Ireland<\/p><p><strong>Confidentialit\u00e9<\/strong><\/p><p>La loi Informatique et Libert\u00e9s du 06 janvier 1978 vous permettent \u00e0 tout moment modifier ou supprimer les informations li\u00e9es \u00e0 votre inscription sur notre site.<\/p><p>EKOFILES SAS respecte la l\u00e9gislation fran\u00e7aise sur la protection de la vie priv\u00e9e. Les informations vous concernant sont confidentielle. Selon l\u2019article 34 de la loi \u00ab Informatique et Libert\u00e9s \u00bb, vous disposez d\u2019un droit d\u2019acc\u00e8s, de modification, de rectification et de suppression des donn\u00e9es vous concernant. Pour exercer ce droit, merci de nous adresser un e-mail \u00e0 support@ekofiles.com<\/p><p><strong>Cookies<\/strong><\/p><p>Ekofiles SAS utilise des \u201ccookies\u201d permettant de stocker des informations vous concernant telles que votre adresse email professionnelle. Nous nous engageons \u00e0 ne jamais vendre les informations que vous nous confiez \u00e0 quelque organisme que ce soit. Vous pouvez refuser les cookies en r\u00e9glant les param\u00e8tres de votre navigateur.<\/p><div id=\"simple-translate\"><div><div class=\"simple-translate-button isShow\" style=\"background-image: url('moz-extension:\/\/f6bae0a5-39fb-a84e-971a-5e73344ca971\/icons\/512.png'); height: 22px; width: 22px; top: 158px; left: 58px;\">\u00a0<\/div><div class=\"simple-translate-panel \" style=\"width: 300px; height: 200px; top: 0px; left: 0px; font-size: 13px; background-color: #ffffff;\"><div class=\"simple-translate-result-wrapper\" style=\"overflow: hidden;\"><div class=\"simple-translate-move\" draggable=\"true\">\u00a0<\/div><div class=\"simple-translate-result-contents\"><p class=\"simple-translate-result\" dir=\"auto\" style=\"color: #000000;\">\u00a0<\/p><p class=\"simple-translate-candidate\" dir=\"auto\" style=\"color: #737373;\">\u00a0<\/p><\/div><\/div><\/div><\/div><\/div>\t\t\t\t\t<\/div>\n\t\t\t\t\t\t<\/div>\n\t\t\t\t<\/div>\n\t\t\t\t\t\t<\/div>\n\t\t\t\t\t<\/div>\n\t\t<\/div>\n\t\t\t\t\t\t\t\t<\/div>\n\t\t\t\t\t<\/div>\n\t\t<\/section>\n\t\t\t\t\t\t\t\t\t<\/div>\n\t\t\t<\/div>\n\t\t\t\t\t<\/div>\n\t\t","protected":false},"excerpt":{"rendered":"<p>EKOFILES SAS est un \u00e9diteur de logiciel RH et administratif. Si\u00e8ge social : 27, rue de Lisbonne 75008 Paris Immatricul\u00e9e au Registre du Commerce et des Soci\u00e9t\u00e9s de Paris SIREN : 895 253 003 H\u00e9bergeur Microsoft Azure Si\u00e8ge social : Microsoft Ireland Operations Ltd, One Microsoft Place, South County Business Park, Leopardstown, Dublin 18, D18 &hellip;<\/p>\n<p class=\"read-more\"> <a class=\"\" href=\"https:\/\/www.ekofiles.com\/fr\/mentions-legales\/\"> <span class=\"screen-reader-text\">Mentions l\u00e9gales<\/span> Lire la suite\u00a0\u00bb<\/a><\/p>\n","protected":false},"author":1,"featured_media":0,"parent":0,"menu_order":0,"comment_status":"closed","ping_status":"closed","template":"elementor_header_footer","meta":{"site-sidebar-layout":"no-sidebar","site-content-layout":"page-builder","ast-global-header-display":"","ast-main-header-display":"","ast-hfb-above-header-display":"","ast-hfb-below-header-display":"","ast-hfb-mobile-header-display":"","site-post-title":"disabled","ast-breadcrumbs-content":"","ast-featured-img":"disabled","footer-sml-layout":"","theme-transparent-header-meta":"","adv-header-id-meta":"","stick-header-meta":"","header-above-stick-meta":"","header-main-stick-meta":"","header-below-stick-meta":""},"yoast_head":"<!-- This site is optimized with the Yoast SEO plugin v19.9 - https:\/\/yoast.com\/wordpress\/plugins\/seo\/ -->\n<title>Mentions l\u00e9gales - Ekofiles<\/title>\n<meta name=\"robots\" content=\"noindex, nofollow\" \/>\n<meta property=\"og:locale\" content=\"fr_FR\" \/>\n<meta property=\"og:type\" content=\"article\" \/>\n<meta property=\"og:title\" content=\"Mentions l\u00e9gales - Ekofiles\" \/>\n<meta property=\"og:description\" content=\"EKOFILES SAS est un \u00e9diteur de logiciel RH et administratif. Si\u00e8ge social : 27, rue de Lisbonne 75008 Paris Immatricul\u00e9e au Registre du Commerce et des Soci\u00e9t\u00e9s de Paris SIREN : 895 253 003 H\u00e9bergeur Microsoft Azure Si\u00e8ge social : Microsoft Ireland Operations Ltd, One Microsoft Place, South County Business Park, Leopardstown, Dublin 18, D18 &hellip; Mentions l\u00e9gales Lire la suite\u00a0\u00bb\" \/>\n<meta property=\"og:url\" content=\"https:\/\/www.ekofiles.com\/fr\/mentions-legales\/\" \/>\n<meta property=\"og:site_name\" content=\"Ekofiles\" \/>\n<meta property=\"article:modified_time\" content=\"2022-05-04T12:08:15+00:00\" \/>\n<meta name=\"twitter:card\" content=\"summary_large_image\" \/>\n<script type=\"application\/ld+json\" class=\"yoast-schema-graph\">{\"@context\":\"https:\/\/schema.org\",\"@graph\":[{\"@type\":\"WebPage\",\"@id\":\"https:\/\/www.ekofiles.com\/fr\/mentions-legales\/\",\"url\":\"https:\/\/www.ekofiles.com\/fr\/mentions-legales\/\",\"name\":\"Mentions l\u00e9gales - Ekofiles\",\"isPartOf\":{\"@id\":\"https:\/\/www.ekofiles.com\/fr\/#website\"},\"datePublished\":\"2022-02-08T16:00:14+00:00\",\"dateModified\":\"2022-05-04T12:08:15+00:00\",\"breadcrumb\":{\"@id\":\"https:\/\/www.ekofiles.com\/fr\/mentions-legales\/#breadcrumb\"},\"inLanguage\":\"fr-FR\",\"potentialAction\":[{\"@type\":\"ReadAction\",\"target\":[\"https:\/\/www.ekofiles.com\/fr\/mentions-legales\/\"]}]},{\"@type\":\"BreadcrumbList\",\"@id\":\"https:\/\/www.ekofiles.com\/fr\/mentions-legales\/#breadcrumb\",\"itemListElement\":[{\"@type\":\"ListItem\",\"position\":1,\"name\":\"Accueil\",\"item\":\"https:\/\/www.ekofiles.com\/fr\/\"},{\"@type\":\"ListItem\",\"position\":2,\"name\":\"Mentions l\u00e9gales\"}]},{\"@type\":\"WebSite\",\"@id\":\"https:\/\/www.ekofiles.com\/fr\/#website\",\"url\":\"https:\/\/www.ekofiles.com\/fr\/\",\"name\":\"Ekofiles\",\"description\":\"Vos RH version poids plume\",\"publisher\":{\"@id\":\"https:\/\/www.ekofiles.com\/fr\/#organization\"},\"potentialAction\":[{\"@type\":\"SearchAction\",\"target\":{\"@type\":\"EntryPoint\",\"urlTemplate\":\"https:\/\/www.ekofiles.com\/fr\/?s={search_term_string}\"},\"query-input\":\"required name=search_term_string\"}],\"inLanguage\":\"fr-FR\"},{\"@type\":\"Organization\",\"@id\":\"https:\/\/www.ekofiles.com\/fr\/#organization\",\"name\":\"Ekofiles\",\"url\":\"https:\/\/www.ekofiles.com\/fr\/\",\"logo\":{\"@type\":\"ImageObject\",\"inLanguage\":\"fr-FR\",\"@id\":\"https:\/\/www.ekofiles.com\/fr\/#\/schema\/logo\/image\/\",\"url\":\"https:\/\/www.ekofiles.com\/wp-content\/uploads\/logo-ekofiles-1920x1080-1.png\",\"contentUrl\":\"https:\/\/www.ekofiles.com\/wp-content\/uploads\/logo-ekofiles-1920x1080-1.png\",\"width\":1920,\"height\":1080,\"caption\":\"Ekofiles\"},\"image\":{\"@id\":\"https:\/\/www.ekofiles.com\/fr\/#\/schema\/logo\/image\/\"}}]}<\/script>\n<!-- \/ Yoast SEO plugin. -->","yoast_head_json":{"title":"Mentions l\u00e9gales - Ekofiles","robots":{"index":"noindex","follow":"nofollow"},"og_locale":"fr_FR","og_type":"article","og_title":"Mentions l\u00e9gales - Ekofiles","og_description":"EKOFILES SAS est un \u00e9diteur de logiciel RH et administratif. Si\u00e8ge social : 27, rue de Lisbonne 75008 Paris Immatricul\u00e9e au Registre du Commerce et des Soci\u00e9t\u00e9s de Paris SIREN : 895 253 003 H\u00e9bergeur Microsoft Azure Si\u00e8ge social : Microsoft Ireland Operations Ltd, One Microsoft Place, South County Business Park, Leopardstown, Dublin 18, D18 &hellip; Mentions l\u00e9gales Lire la suite\u00a0\u00bb","og_url":"https:\/\/www.ekofiles.com\/fr\/mentions-legales\/","og_site_name":"Ekofiles","article_modified_time":"2022-05-04T12:08:15+00:00","twitter_card":"summary_large_image","schema":{"@context":"https:\/\/schema.org","@graph":[{"@type":"WebPage","@id":"https:\/\/www.ekofiles.com\/fr\/mentions-legales\/","url":"https:\/\/www.ekofiles.com\/fr\/mentions-legales\/","name":"Mentions l\u00e9gales - Ekofiles","isPartOf":{"@id":"https:\/\/www.ekofiles.com\/fr\/#website"},"datePublished":"2022-02-08T16:00:14+00:00","dateModified":"2022-05-04T12:08:15+00:00","breadcrumb":{"@id":"https:\/\/www.ekofiles.com\/fr\/mentions-legales\/#breadcrumb"},"inLanguage":"fr-FR","potentialAction":[{"@type":"ReadAction","target":["https:\/\/www.ekofiles.com\/fr\/mentions-legales\/"]}]},{"@type":"BreadcrumbList","@id":"https:\/\/www.ekofiles.com\/fr\/mentions-legales\/#breadcrumb","itemListElement":[{"@type":"ListItem","position":1,"name":"Accueil","item":"https:\/\/www.ekofiles.com\/fr\/"},{"@type":"ListItem","position":2,"name":"Mentions l\u00e9gales"}]},{"@type":"WebSite","@id":"https:\/\/www.ekofiles.com\/fr\/#website","url":"https:\/\/www.ekofiles.com\/fr\/","name":"Ekofiles","description":"Vos RH version poids plume","publisher":{"@id":"https:\/\/www.ekofiles.com\/fr\/#organization"},"potentialAction":[{"@type":"SearchAction","target":{"@type":"EntryPoint","urlTemplate":"https:\/\/www.ekofiles.com\/fr\/?s={search_term_string}"},"query-input":"required name=search_term_string"}],"inLanguage":"fr-FR"},{"@type":"Organization","@id":"https:\/\/www.ekofiles.com\/fr\/#organization","name":"Ekofiles","url":"https:\/\/www.ekofiles.com\/fr\/","logo":{"@type":"ImageObject","inLanguage":"fr-FR","@id":"https:\/\/www.ekofiles.com\/fr\/#\/schema\/logo\/image\/","url":"https:\/\/www.ekofiles.com\/wp-content\/uploads\/logo-ekofiles-1920x1080-1.png","contentUrl":"https:\/\/www.ekofiles.com\/wp-content\/uploads\/logo-ekofiles-1920x1080-1.png","width":1920,"height":1080,"caption":"Ekofiles"},"image":{"@id":"https:\/\/www.ekofiles.com\/fr\/#\/schema\/logo\/image\/"}}]}},"_links":{"self":[{"href":"https:\/\/www.ekofiles.com\/fr\/wp-json\/wp\/v2\/pages\/3"}],"collection":[{"href":"https:\/\/www.ekofiles.com\/fr\/wp-json\/wp\/v2\/pages"}],"about":[{"href":"https:\/\/www.ekofiles.com\/fr\/wp-json\/wp\/v2\/types\/page"}],"author":[{"embeddable":true,"href":"https:\/\/www.ekofiles.com\/fr\/wp-json\/wp\/v2\/users\/1"}],"replies":[{"embeddable":true,"href":"https:\/\/www.ekofiles.com\/fr\/wp-json\/wp\/v2\/comments?post=3"}],"version-history":[{"count":24,"href":"https:\/\/www.ekofiles.com\/fr\/wp-json\/wp\/v2\/pages\/3\/revisions"}],"predecessor-version":[{"id":2027,"href":"https:\/\/www.ekofiles.com\/fr\/wp-json\/wp\/v2\/pages\/3\/revisions\/2027"}],"wp:attachment":[{"href":"https:\/\/www.ekofiles.com\/fr\/wp-json\/wp\/v2\/media?parent=3"}],"curies":[{"name":"wp","href":"https:\/\/api.w.org\/{rel}","templated":true}]}}